{"id":2,"date":"2015-12-07T15:51:26","date_gmt":"2015-12-07T14:51:26","guid":{"rendered":"http:\/\/foyersemmanuel.com\/angers\/?page_id=2"},"modified":"2024-05-22T21:14:46","modified_gmt":"2024-05-22T20:14:46","slug":"page-d-exemple","status":"publish","type":"page","link":"https:\/\/foyersemmanuel.com\/angers\/","title":{"rendered":"Accueil"},"content":{"rendered":"<p><strong>Les plus du foyer<\/strong><\/p>\n<p>&#8211; Chapelle avec pr\u00e9sence r\u00e9elle &#8211; Cuisine \u00e9quip\u00e9e &#8211; S\u00e9jour &#8211; Lave linge &#8211; Internet &#8211; Garage pour v\u00e9lo \u00a0&#8211; Jardin<\/p>\n","protected":false},"excerpt":{"rendered":"<p>Les plus du foyer &#8211; Chapelle avec pr\u00e9sence r\u00e9elle &#8211; Cuisine \u00e9quip\u00e9e &#8211; S\u00e9jour &#8211; Lave linge &#8211; Internet &#8211; Garage pour v\u00e9lo \u00a0&#8211; Jardin<\/p>\n","protected":false},"author":1,"featured_media":0,"parent":0,"menu_order":0,"comment_status":"closed","ping_status":"open","template":"page-home-foyers.php","meta":{"_acf_changed":false,"footnotes":""},"class_list":["post-2","page","type-page","status-publish","hentry"],"acf":[],"_links":{"self":[{"href":"https:\/\/foyersemmanuel.com\/angers\/wp-json\/wp\/v2\/pages\/2","targetHints":{"allow":["GET"]}}],"collection":[{"href":"https:\/\/foyersemmanuel.com\/angers\/wp-json\/wp\/v2\/pages"}],"about":[{"href":"https:\/\/foyersemmanuel.com\/angers\/wp-json\/wp\/v2\/types\/page"}],"author":[{"embeddable":true,"href":"https:\/\/foyersemmanuel.com\/angers\/wp-json\/wp\/v2\/users\/1"}],"replies":[{"embeddable":true,"href":"https:\/\/foyersemmanuel.com\/angers\/wp-json\/wp\/v2\/comments?post=2"}],"version-history":[{"count":3,"href":"https:\/\/foyersemmanuel.com\/angers\/wp-json\/wp\/v2\/pages\/2\/revisions"}],"predecessor-version":[{"id":2588,"href":"https:\/\/foyersemmanuel.com\/angers\/wp-json\/wp\/v2\/pages\/2\/revisions\/2588"}],"wp:attachment":[{"href":"https:\/\/foyersemmanuel.com\/angers\/wp-json\/wp\/v2\/media?parent=2"}],"curies":[{"name":"wp","href":"https:\/\/api.w.org\/{rel}","templated":true}]}}