{"id":14,"date":"2015-12-08T15:24:47","date_gmt":"2015-12-08T14:24:47","guid":{"rendered":"http:\/\/foyersemmanuel.com\/angers\/?page_id=14"},"modified":"2025-12-12T11:21:07","modified_gmt":"2025-12-12T10:21:07","slug":"inscription","status":"publish","type":"page","link":"https:\/\/foyersemmanuel.com\/la-roche-sur-yon\/inscription\/","title":{"rendered":"Inscription au Foyer"},"content":{"rendered":"<p>&nbsp;<\/p>\n<p>Attention, <strong>il est obligatoire d&rsquo;\u00e9tudier \u00e0 l&rsquo;ICES pour r\u00e9sider au Foyer Sainte Th\u00e9r\u00e8se<\/strong>. L&rsquo;admission d\u00e9finitive au foyer d\u00e9pendra donc de l&rsquo;admission \u00e0 l&rsquo;ICES.<\/p>\n<p>&nbsp;<\/p>\n","protected":false},"excerpt":{"rendered":"<p>&nbsp; Attention, il est obligatoire d&rsquo;\u00e9tudier \u00e0 l&rsquo;ICES pour r\u00e9sider au Foyer Sainte Th\u00e9r\u00e8se. L&rsquo;admission d\u00e9finitive au foyer d\u00e9pendra donc de l&rsquo;admission \u00e0 l&rsquo;ICES. &nbsp;<\/p>\n","protected":false},"author":1,"featured_media":0,"parent":0,"menu_order":0,"comment_status":"closed","ping_status":"closed","template":"page-inscription.php","meta":{"_acf_changed":false,"footnotes":""},"class_list":["post-14","page","type-page","status-publish","hentry"],"acf":[],"_links":{"self":[{"href":"https:\/\/foyersemmanuel.com\/la-roche-sur-yon\/wp-json\/wp\/v2\/pages\/14","targetHints":{"allow":["GET"]}}],"collection":[{"href":"https:\/\/foyersemmanuel.com\/la-roche-sur-yon\/wp-json\/wp\/v2\/pages"}],"about":[{"href":"https:\/\/foyersemmanuel.com\/la-roche-sur-yon\/wp-json\/wp\/v2\/types\/page"}],"author":[{"embeddable":true,"href":"https:\/\/foyersemmanuel.com\/la-roche-sur-yon\/wp-json\/wp\/v2\/users\/1"}],"replies":[{"embeddable":true,"href":"https:\/\/foyersemmanuel.com\/la-roche-sur-yon\/wp-json\/wp\/v2\/comments?post=14"}],"version-history":[{"count":2,"href":"https:\/\/foyersemmanuel.com\/la-roche-sur-yon\/wp-json\/wp\/v2\/pages\/14\/revisions"}],"predecessor-version":[{"id":14466,"href":"https:\/\/foyersemmanuel.com\/la-roche-sur-yon\/wp-json\/wp\/v2\/pages\/14\/revisions\/14466"}],"wp:attachment":[{"href":"https:\/\/foyersemmanuel.com\/la-roche-sur-yon\/wp-json\/wp\/v2\/media?parent=14"}],"curies":[{"name":"wp","href":"https:\/\/api.w.org\/{rel}","templated":true}]}}