{"id":7,"date":"2015-12-07T15:51:26","date_gmt":"2015-12-07T14:51:26","guid":{"rendered":"http:\/\/foyersemmanuel.com\/angers\/?page_id=2"},"modified":"2026-02-04T15:20:25","modified_gmt":"2026-02-04T14:20:25","slug":"page-d-exemple","status":"publish","type":"page","link":"https:\/\/foyersemmanuel.com\/la-roche-sur-yon\/page-d-exemple\/","title":{"rendered":"Accueil"},"content":{"rendered":"<p><strong>Les plus du foyer<\/strong><\/p>\n<p>Un jardin, trois salles de travail, acc\u00e8s permanent \u00e0 la chapelle, un piano, laves-linge et s\u00e8ches-linge, 5 points d\u2019acc\u00e8s \u00e0 internet en wifi dans les espaces communs, un \u00a0garage \u00e0 v\u00e9lo, etc\u2026 Le tout \u00e0 proximit\u00e9 des commerces dans une ambiance fraternelle.<\/p>\n<p>Un aum\u00f4nier et un couple de la communaut\u00e9 de l&rsquo;Emmanuel r\u00e9sident sur place et sont disponibles pour les jeunes.<\/p>\n<ul>\n<li>Un engagement sur 10 mois est demand\u00e9 de septembre \u00e0 juin<\/li>\n<li>Il est obligatoire\u00a0d\u2019\u00e9tudier \u00e0 <a href=\"http:\/\/www.ices.fr\">l\u2019ICES<\/a> pour int\u00e9grer le Foyer<\/li>\n<\/ul>\n","protected":false},"excerpt":{"rendered":"<p>Les plus du foyer Un jardin, trois salles de travail, acc\u00e8s permanent \u00e0 la chapelle, un piano, laves-linge et s\u00e8ches-linge, 5 points d\u2019acc\u00e8s \u00e0 internet en wifi dans les espaces [&hellip;]<\/p>\n","protected":false},"author":1,"featured_media":0,"parent":0,"menu_order":0,"comment_status":"closed","ping_status":"open","template":"page-home-foyers.php","meta":{"_acf_changed":false,"footnotes":""},"class_list":["post-7","page","type-page","status-publish","hentry"],"acf":[],"_links":{"self":[{"href":"https:\/\/foyersemmanuel.com\/la-roche-sur-yon\/wp-json\/wp\/v2\/pages\/7","targetHints":{"allow":["GET"]}}],"collection":[{"href":"https:\/\/foyersemmanuel.com\/la-roche-sur-yon\/wp-json\/wp\/v2\/pages"}],"about":[{"href":"https:\/\/foyersemmanuel.com\/la-roche-sur-yon\/wp-json\/wp\/v2\/types\/page"}],"author":[{"embeddable":true,"href":"https:\/\/foyersemmanuel.com\/la-roche-sur-yon\/wp-json\/wp\/v2\/users\/1"}],"replies":[{"embeddable":true,"href":"https:\/\/foyersemmanuel.com\/la-roche-sur-yon\/wp-json\/wp\/v2\/comments?post=7"}],"version-history":[{"count":4,"href":"https:\/\/foyersemmanuel.com\/la-roche-sur-yon\/wp-json\/wp\/v2\/pages\/7\/revisions"}],"predecessor-version":[{"id":14865,"href":"https:\/\/foyersemmanuel.com\/la-roche-sur-yon\/wp-json\/wp\/v2\/pages\/7\/revisions\/14865"}],"wp:attachment":[{"href":"https:\/\/foyersemmanuel.com\/la-roche-sur-yon\/wp-json\/wp\/v2\/media?parent=7"}],"curies":[{"name":"wp","href":"https:\/\/api.w.org\/{rel}","templated":true}]}}