{"id":5,"date":"2015-12-07T15:51:26","date_gmt":"2015-12-07T14:51:26","guid":{"rendered":"http:\/\/foyersemmanuel.com\/angers\/?page_id=2"},"modified":"2015-12-22T18:02:03","modified_gmt":"2015-12-22T17:02:03","slug":"page-d-exemple-2","status":"publish","type":"page","link":"https:\/\/foyersemmanuel.com\/louvain-la-neuve\/","title":{"rendered":"Accueil"},"content":{"rendered":"<p><strong>Les plus du foyer<\/strong><\/p>\n<p>Salle de d\u00e9tente, salles d\u2019\u00e9tude, chapelle, lave-linge et s\u00e9choir, r\u00e9seau WiFi, garage \u00e0 v\u00e9lo, proximit\u00e9 des commerces et du centre, ambiance fraternelle, suivi personnalis\u00e9, week-ends de coh\u00e9sion &#8230;<\/p>\n","protected":false},"excerpt":{"rendered":"<p>Les plus du foyer Salle de d\u00e9tente, salles d\u2019\u00e9tude, chapelle, lave-linge et s\u00e9choir, r\u00e9seau WiFi, garage \u00e0 v\u00e9lo, proximit\u00e9 des commerces et du centre, ambiance fraternelle, suivi personnalis\u00e9, week-ends de [&hellip;]<\/p>\n","protected":false},"author":1,"featured_media":0,"parent":0,"menu_order":0,"comment_status":"closed","ping_status":"open","template":"page-home-foyers.php","meta":{"_acf_changed":false,"footnotes":""},"class_list":["post-5","page","type-page","status-publish","hentry"],"acf":[],"_links":{"self":[{"href":"https:\/\/foyersemmanuel.com\/louvain-la-neuve\/wp-json\/wp\/v2\/pages\/5","targetHints":{"allow":["GET"]}}],"collection":[{"href":"https:\/\/foyersemmanuel.com\/louvain-la-neuve\/wp-json\/wp\/v2\/pages"}],"about":[{"href":"https:\/\/foyersemmanuel.com\/louvain-la-neuve\/wp-json\/wp\/v2\/types\/page"}],"author":[{"embeddable":true,"href":"https:\/\/foyersemmanuel.com\/louvain-la-neuve\/wp-json\/wp\/v2\/users\/1"}],"replies":[{"embeddable":true,"href":"https:\/\/foyersemmanuel.com\/louvain-la-neuve\/wp-json\/wp\/v2\/comments?post=5"}],"version-history":[{"count":3,"href":"https:\/\/foyersemmanuel.com\/louvain-la-neuve\/wp-json\/wp\/v2\/pages\/5\/revisions"}],"predecessor-version":[{"id":1624,"href":"https:\/\/foyersemmanuel.com\/louvain-la-neuve\/wp-json\/wp\/v2\/pages\/5\/revisions\/1624"}],"wp:attachment":[{"href":"https:\/\/foyersemmanuel.com\/louvain-la-neuve\/wp-json\/wp\/v2\/media?parent=5"}],"curies":[{"name":"wp","href":"https:\/\/api.w.org\/{rel}","templated":true}]}}