{"id":6,"date":"2015-12-07T15:51:26","date_gmt":"2015-12-07T14:51:26","guid":{"rendered":"http:\/\/foyersemmanuel.com\/angers\/?page_id=2"},"modified":"2025-05-15T05:49:03","modified_gmt":"2025-05-15T04:49:03","slug":"page-d-exemple-2","status":"publish","type":"page","link":"https:\/\/foyersemmanuel.com\/rennes-garcons\/","title":{"rendered":"Accueil"},"content":{"rendered":"<p><strong>Les plus du foyer<\/strong><\/p>\n<p>Salon, salle de travail, chapelle avec le Saint Sacrement, lave-linge et s\u00e8che-linge, douches et mobilier neufs, wifi, grand jardin, table de ping-pong et sac de frappe, garage \u00e0 v\u00e9lo, ambiance fraternelle, suivi personnalis\u00e9, week-end de coh\u00e9sion\u2026.<div class=\"su-heading su-heading-style-default su-heading-align-center\" id=\"\" style=\"font-size:13px;margin-bottom:20px\"><div class=\"su-heading-inner\">Si tu as des questions, tu peux nous contacter par mail sur l&rsquo;adresse foyerjeanluccabes@gmail.com ou bien par t\u00e9l\u00e9phone au 06 02 32 55 90. <\/div><\/div>\n","protected":false},"excerpt":{"rendered":"<p>Les plus du foyer Salon, salle de travail, chapelle avec le Saint Sacrement, lave-linge et s\u00e8che-linge, douches et mobilier neufs, wifi, grand jardin, table de ping-pong et sac de frappe, [&hellip;]<\/p>\n","protected":false},"author":1,"featured_media":0,"parent":0,"menu_order":0,"comment_status":"closed","ping_status":"open","template":"page-home-foyers.php","meta":{"_acf_changed":false,"footnotes":""},"class_list":["post-6","page","type-page","status-publish","hentry"],"acf":[],"_links":{"self":[{"href":"https:\/\/foyersemmanuel.com\/rennes-garcons\/wp-json\/wp\/v2\/pages\/6","targetHints":{"allow":["GET"]}}],"collection":[{"href":"https:\/\/foyersemmanuel.com\/rennes-garcons\/wp-json\/wp\/v2\/pages"}],"about":[{"href":"https:\/\/foyersemmanuel.com\/rennes-garcons\/wp-json\/wp\/v2\/types\/page"}],"author":[{"embeddable":true,"href":"https:\/\/foyersemmanuel.com\/rennes-garcons\/wp-json\/wp\/v2\/users\/1"}],"replies":[{"embeddable":true,"href":"https:\/\/foyersemmanuel.com\/rennes-garcons\/wp-json\/wp\/v2\/comments?post=6"}],"version-history":[{"count":3,"href":"https:\/\/foyersemmanuel.com\/rennes-garcons\/wp-json\/wp\/v2\/pages\/6\/revisions"}],"predecessor-version":[{"id":4357,"href":"https:\/\/foyersemmanuel.com\/rennes-garcons\/wp-json\/wp\/v2\/pages\/6\/revisions\/4357"}],"wp:attachment":[{"href":"https:\/\/foyersemmanuel.com\/rennes-garcons\/wp-json\/wp\/v2\/media?parent=6"}],"curies":[{"name":"wp","href":"https:\/\/api.w.org\/{rel}","templated":true}]}}