{"id":6,"date":"2015-12-07T15:51:26","date_gmt":"2015-12-07T14:51:26","guid":{"rendered":"http:\/\/foyersemmanuel.com\/angers\/?page_id=2"},"modified":"2025-07-21T16:18:21","modified_gmt":"2025-07-21T15:18:21","slug":"accueil","status":"publish","type":"page","link":"https:\/\/foyersemmanuel.com\/saint-etienne\/","title":{"rendered":"Accueil"},"content":{"rendered":"<p><strong>Les plus du foyer<\/strong><\/p>\n<p>17 chambres r\u00e9parties en 3 appartements autonomes, compos\u00e9 d\u2019une cuisine \u00e9quip\u00e9e et d\u2019un salon. Chapelle, salle commune, salle de travail et jardin sont \u00e0 disposition.<br \/>\nLa r\u00e9sidence est enti\u00e8rement r\u00e9nov\u00e9e, Internet WiFi, \u00e0 proximit\u00e9 de commerces, ambiance fraternelle, suivi personnalis\u00e9, week-end d&rsquo;int\u00e9gration\u2026.<\/p>\n","protected":false},"excerpt":{"rendered":"<p>Les plus du foyer 17 chambres r\u00e9parties en 3 appartements autonomes, compos\u00e9 d\u2019une cuisine \u00e9quip\u00e9e et d\u2019un salon. Chapelle, salle commune, salle de travail et jardin sont \u00e0 disposition. La [&hellip;]<\/p>\n","protected":false},"author":1,"featured_media":0,"parent":0,"menu_order":0,"comment_status":"closed","ping_status":"open","template":"page-home-foyers.php","meta":{"_acf_changed":false,"footnotes":""},"class_list":["post-6","page","type-page","status-publish","hentry"],"acf":[],"_links":{"self":[{"href":"https:\/\/foyersemmanuel.com\/saint-etienne\/wp-json\/wp\/v2\/pages\/6","targetHints":{"allow":["GET"]}}],"collection":[{"href":"https:\/\/foyersemmanuel.com\/saint-etienne\/wp-json\/wp\/v2\/pages"}],"about":[{"href":"https:\/\/foyersemmanuel.com\/saint-etienne\/wp-json\/wp\/v2\/types\/page"}],"author":[{"embeddable":true,"href":"https:\/\/foyersemmanuel.com\/saint-etienne\/wp-json\/wp\/v2\/users\/1"}],"replies":[{"embeddable":true,"href":"https:\/\/foyersemmanuel.com\/saint-etienne\/wp-json\/wp\/v2\/comments?post=6"}],"version-history":[{"count":4,"href":"https:\/\/foyersemmanuel.com\/saint-etienne\/wp-json\/wp\/v2\/pages\/6\/revisions"}],"predecessor-version":[{"id":2924,"href":"https:\/\/foyersemmanuel.com\/saint-etienne\/wp-json\/wp\/v2\/pages\/6\/revisions\/2924"}],"wp:attachment":[{"href":"https:\/\/foyersemmanuel.com\/saint-etienne\/wp-json\/wp\/v2\/media?parent=6"}],"curies":[{"name":"wp","href":"https:\/\/api.w.org\/{rel}","templated":true}]}}